{"id":1284,"date":"2023-06-12T21:02:22","date_gmt":"2023-06-12T19:02:22","guid":{"rendered":"http:\/\/westhaus-finanzberatung.de\/?page_id=1284"},"modified":"2023-08-23T21:44:57","modified_gmt":"2023-08-23T19:44:57","slug":"impressum","status":"publish","type":"page","link":"https:\/\/westhaus-finanzberatung.de\/index.php\/impressum\/","title":{"rendered":"Impressum"},"content":{"rendered":"\t\t<div data-elementor-type=\"wp-page\" data-elementor-id=\"1284\" class=\"elementor elementor-1284\">\n\t\t\t\t\t\t<section class=\"elementor-section elementor-top-section elementor-element elementor-element-467e7d0 elementor-section-boxed elementor-section-height-default elementor-section-height-default\" data-id=\"467e7d0\" data-element_type=\"section\">\n\t\t\t\t\t\t<div class=\"elementor-container elementor-column-gap-default\">\n\t\t\t\t\t<div class=\"elementor-column elementor-col-100 elementor-top-column elementor-element elementor-element-5baa46b\" data-id=\"5baa46b\" data-element_type=\"column\">\n\t\t\t<div class=\"elementor-widget-wrap elementor-element-populated\">\n\t\t\t\t\t\t<div class=\"elementor-element elementor-element-9bd0b07 elementor-widget elementor-widget-spacer\" data-id=\"9bd0b07\" data-element_type=\"widget\" data-widget_type=\"spacer.default\">\n\t\t\t\t<div class=\"elementor-widget-container\">\n\t\t\t<style>\/*! elementor - v3.23.0 - 05-08-2024 *\/\n.elementor-column .elementor-spacer-inner{height:var(--spacer-size)}.e-con{--container-widget-width:100%}.e-con-inner>.elementor-widget-spacer,.e-con>.elementor-widget-spacer{width:var(--container-widget-width,var(--spacer-size));--align-self:var(--container-widget-align-self,initial);--flex-shrink:0}.e-con-inner>.elementor-widget-spacer>.elementor-widget-container,.e-con>.elementor-widget-spacer>.elementor-widget-container{height:100%;width:100%}.e-con-inner>.elementor-widget-spacer>.elementor-widget-container>.elementor-spacer,.e-con>.elementor-widget-spacer>.elementor-widget-container>.elementor-spacer{height:100%}.e-con-inner>.elementor-widget-spacer>.elementor-widget-container>.elementor-spacer>.elementor-spacer-inner,.e-con>.elementor-widget-spacer>.elementor-widget-container>.elementor-spacer>.elementor-spacer-inner{height:var(--container-widget-height,var(--spacer-size))}.e-con-inner>.elementor-widget-spacer.elementor-widget-empty,.e-con>.elementor-widget-spacer.elementor-widget-empty{position:relative;min-height:22px;min-width:22px}.e-con-inner>.elementor-widget-spacer.elementor-widget-empty .elementor-widget-empty-icon,.e-con>.elementor-widget-spacer.elementor-widget-empty .elementor-widget-empty-icon{position:absolute;top:0;bottom:0;left:0;right:0;margin:auto;padding:0;width:22px;height:22px}<\/style>\t\t<div class=\"elementor-spacer\">\n\t\t\t<div class=\"elementor-spacer-inner\"><\/div>\n\t\t<\/div>\n\t\t\t\t<\/div>\n\t\t\t\t<\/div>\n\t\t\t\t<div class=\"elementor-element elementor-element-8e01721 elementor-widget elementor-widget-text-editor\" data-id=\"8e01721\" data-element_type=\"widget\" data-widget_type=\"text-editor.default\">\n\t\t\t\t<div class=\"elementor-widget-container\">\n\t\t\t<style>\/*! elementor - v3.23.0 - 05-08-2024 *\/\n.elementor-widget-text-editor.elementor-drop-cap-view-stacked .elementor-drop-cap{background-color:#69727d;color:#fff}.elementor-widget-text-editor.elementor-drop-cap-view-framed .elementor-drop-cap{color:#69727d;border:3px solid;background-color:transparent}.elementor-widget-text-editor:not(.elementor-drop-cap-view-default) .elementor-drop-cap{margin-top:8px}.elementor-widget-text-editor:not(.elementor-drop-cap-view-default) .elementor-drop-cap-letter{width:1em;height:1em}.elementor-widget-text-editor .elementor-drop-cap{float:left;text-align:center;line-height:1;font-size:50px}.elementor-widget-text-editor .elementor-drop-cap-letter{display:inline-block}<\/style>\t\t\t\t<p>Angaben gem\u00e4\u00df \u00a7 5 TMG<\/p><p>Tobias Westhaus<br \/>Trommsdorffstra\u00dfe 12<br \/>99084 Erfurt<\/p><p><strong>Vertreten durch:<\/strong><br \/>Tobias Westhaus<\/p><p><strong>Kontakt:<\/strong><br \/>Telefon: 0176 44271864<br \/>E-Mail: tobias.westhaus@omenta.de<\/p><p>\u00a0<\/p><p><strong>Aufsichtsbeh\u00f6rde \/ zust\u00e4ndige Registerstelle:<\/strong><br \/>IHK Erfurt<br \/>Arnst\u00e4dter Str. 34, 99096 Erfurt<br \/>https:\/\/www.erfurt.ihk.de\/<\/p><p>\u00a0<\/p><p><strong>T\u00e4tigkeitsart:<\/strong><\/p><p>Versicherungsmakler mit Erlaubnis nach \u00a7 34d Abs. 1 GewO<br \/>Registrierungsnummer: D-K8ZP-Z89XT-09<\/p><p>Das Vermittlerregister wird gef\u00fchrt bei:<br \/>Deutscher Industrie- und Handelskammertag (DIHK) e.V.<br \/>Breite Stra\u00dfe 29, 10178 Berlin<br \/>Tel: 0180 \u2013 60 05 850<br \/>(Festnetzpreis 0,20 \u20ac\/Anruf; Mobilfunkpreise maximal 0,60 \u20ac\/Anruf)<br \/>Fax: 030 \u2013 20 30 81 000<br \/>E-Mail: vr@dihk.de<br \/>Internet: www.vermittlerregister.info<\/p><p>\u00a0<\/p><p><strong>Schlichtungsstellen<\/strong><\/p><p>Ombudsmann f\u00fcr die Private Kranken- und Pflegeversicherung<br \/>Postfach 06 02 22, 10052 Berlin<br \/>Tel: 0800 \u2013 25 50 444<br \/>Fax: 030 \u2013 20 45 89 31<br \/>E-Mail: ombudsmann@pkv-ombudsmann.de<br \/>Internet: www.pkv-ombudsmann.de<\/p><p>Schlichtungsstelle f\u00fcr gewerbliche Versicherungs-, Anlage- und Kreditvermittlung<br \/>Glockengie\u00dferwall 2, 20095 Hamburg<br \/>Tel: 040 \u2013 69 65 08-90<br \/>Fax: 040 \u2013 69 65 08-91<br \/>E-Mail: kontakt@schlichtung-finanzberatung.de<br \/>Internet: www.schlichtung-finanzberatung.de<\/p><p>Weitere Adressen \u00fcber Schlichtungsstellen und M\u00f6glichkeiten der au\u00dfergerichtlichen Streitbeilegung erhalten Sie bei:<br \/>Bundesanstalt f\u00fcr Finanzdienstleistungsaufsicht (BAFin)<br \/>Graurheindorfer Str. 108, 53117 Bonn<br \/>Tel: 0228 \u2013 41 08 0<br \/>Fax: 0228 \u2013 41 08 1550<br \/>E-Mail: poststelle@bafin.de<br \/>Internet: www.bafin.de<\/p><p>Informationen zur Online-Streitbeilegung<br \/>Die Europ\u00e4ische Kommission hat gem\u00e4\u00df der Richtlinie 2013\/11\/EU eine Europ\u00e4ische Online-Streitbeilegungsplattform (OS-Plattform) errichtet. Diese OS-Plattform kann ein Verbraucher f\u00fcr die au\u00dfergerichtliche Beilegung einer Streitigkeit aus Online-Vertr\u00e4gen mit einem in der EU niedergelassenen Unternehmen nutzen. Die OS-Plattform ist unter folgendem Link erreichbar:<br \/>https:\/\/ec.europa.eu\/consumers\/odr\/<\/p>\t\t\t\t\t\t<\/div>\n\t\t\t\t<\/div>\n\t\t\t\t<div class=\"elementor-element elementor-element-db2c2bb elementor-widget elementor-widget-spacer\" data-id=\"db2c2bb\" data-element_type=\"widget\" data-widget_type=\"spacer.default\">\n\t\t\t\t<div class=\"elementor-widget-container\">\n\t\t\t\t\t<div class=\"elementor-spacer\">\n\t\t\t<div class=\"elementor-spacer-inner\"><\/div>\n\t\t<\/div>\n\t\t\t\t<\/div>\n\t\t\t\t<\/div>\n\t\t\t\t\t<\/div>\n\t\t<\/div>\n\t\t\t\t\t<\/div>\n\t\t<\/section>\n\t\t\t\t<\/div>\n\t\t","protected":false},"excerpt":{"rendered":"<p>Angaben gem\u00e4\u00df \u00a7 5 TMG Tobias WesthausTrommsdorffstra\u00dfe 1299084 Erfurt Vertreten durch:Tobias Westhaus Kontakt:Telefon: 0176 44271864E-Mail: tobias.westhaus@omenta.de \u00a0 Aufsichtsbeh\u00f6rde \/ zust\u00e4ndige Registerstelle:IHK ErfurtArnst\u00e4dter Str. 34, 99096 Erfurthttps:\/\/www.erfurt.ihk.de\/ \u00a0 T\u00e4tigkeitsart: Versicherungsmakler mit Erlaubnis nach \u00a7 34d Abs. 1 GewORegistrierungsnummer: D-K8ZP-Z89XT-09 Das Vermittlerregister wird gef\u00fchrt bei:Deutscher Industrie- und Handelskammertag (DIHK) e.V.Breite Stra\u00dfe 29, 10178 BerlinTel: 0180 \u2013 60 [&hellip;]<\/p>\n","protected":false},"author":1,"featured_media":0,"parent":0,"menu_order":0,"comment_status":"closed","ping_status":"closed","template":"page-templates\/home1.php","meta":[],"_links":{"self":[{"href":"https:\/\/westhaus-finanzberatung.de\/index.php\/wp-json\/wp\/v2\/pages\/1284"}],"collection":[{"href":"https:\/\/westhaus-finanzberatung.de\/index.php\/wp-json\/wp\/v2\/pages"}],"about":[{"href":"https:\/\/westhaus-finanzberatung.de\/index.php\/wp-json\/wp\/v2\/types\/page"}],"author":[{"embeddable":true,"href":"https:\/\/westhaus-finanzberatung.de\/index.php\/wp-json\/wp\/v2\/users\/1"}],"replies":[{"embeddable":true,"href":"https:\/\/westhaus-finanzberatung.de\/index.php\/wp-json\/wp\/v2\/comments?post=1284"}],"version-history":[{"count":13,"href":"https:\/\/westhaus-finanzberatung.de\/index.php\/wp-json\/wp\/v2\/pages\/1284\/revisions"}],"predecessor-version":[{"id":1427,"href":"https:\/\/westhaus-finanzberatung.de\/index.php\/wp-json\/wp\/v2\/pages\/1284\/revisions\/1427"}],"wp:attachment":[{"href":"https:\/\/westhaus-finanzberatung.de\/index.php\/wp-json\/wp\/v2\/media?parent=1284"}],"curies":[{"name":"wp","href":"https:\/\/api.w.org\/{rel}","templated":true}]}}